{"id":529,"date":"2015-04-20T11:50:56","date_gmt":"2015-04-20T11:50:56","guid":{"rendered":"http:\/\/welfare.cmsmasters.net\/?page_id=529"},"modified":"2022-06-14T12:20:49","modified_gmt":"2022-06-14T17:20:49","slug":"acerca","status":"publish","type":"page","link":"https:\/\/rayitodesol.edu.ec\/index.php\/acerca\/","title":{"rendered":"Nosotros"},"content":{"rendered":"<div id=\"cmsmasters_row_z0jl3ccpcj\" class=\"cmsmasters_row cmsmasters_color_scheme_default cmsmasters_row_top_default cmsmasters_row_bot_default cmsmasters_row_fullwidth\">\n<div class=\"cmsmasters_row_outer_parent\">\n<div class=\"cmsmasters_row_outer\">\n<div class=\"cmsmasters_row_inner cmsmasters_row_fullwidth cmsmasters_row_no_margin\">\n<div class=\"cmsmasters_row_margin cmsmasters_row_columns_behavior\">\n<div id=\"cmsmasters_column_zgg5oyagw8\" class=\"cmsmasters_column one_half\">\n<div class=\"cmsmasters_column_inner\"><\/div><\/div>\n<div id=\"cmsmasters_column_zis2n13t1n\" class=\"cmsmasters_column one_half\">\n<div class=\"cmsmasters_column_inner\"><div id=\"cmsmasters_heading_gl5k0yxdwv\" class=\"cmsmasters_heading_wrap cmsmasters_heading_align_center\">\n\t<h2 class=\"cmsmasters_heading\">\u00a1Bienvenido al Lugar<\/h2>\n<\/div><div id=\"cmsmasters_heading_jjijbg6zuc\" class=\"cmsmasters_heading_wrap cmsmasters_heading_align_center\">\n\t<h2 class=\"cmsmasters_heading\"> M\u00e1s Seguro!<\/h2>\n<\/div><div class=\"cmsmasters_text\">\n<p style=\"text-align: center;\">Somos una comunidad de ni\u00f1os, familias y maestras comprometidas en el cuidado y el crecimiento de nuestros peque\u00f1os, por medio de un aprendizaje l\u00fadico en todos los niveles. Fomentamos valores tradicionales y modernos, en el que los ni\u00f1os desarrollen una conciencia reflexiva de s\u00ed mismos con confianza para alcanzar sus sue\u00f1os.<\/p>\n<\/div>\n<div id=\"cmsmasters_divider_2uzzg8gqo\" class=\"cl\"><\/div>\n<div id=\"cmsmasters_button_0ct7enefoc\" class=\"button_wrap\"><a href=\"https:\/\/rayitodesol.edu.ec\/index.php\/contactenos\/\" class=\"cmsmasters_button\"><span>Cont\u00e1ctenos<\/span><\/a><\/div>\n<\/div><\/div>\n<\/div>\n<\/div>\n<\/div>\n<\/div>\n<\/div>\n<div id=\"cmsmasters_row_8rsmre3kth\" class=\"cmsmasters_row cmsmasters_color_scheme_default cmsmasters_row_top_default cmsmasters_row_bot_default cmsmasters_row_fullwidth\">\n<div class=\"cmsmasters_row_outer_parent\">\n<div class=\"cmsmasters_row_outer\">\n<div class=\"cmsmasters_row_inner cmsmasters_row_fullwidth cmsmasters_row_no_margin\">\n<div class=\"cmsmasters_row_margin cmsmasters_row_columns_behavior\">\n<div id=\"cmsmasters_column_3pes8w5o3a\" class=\"cmsmasters_column one_half\">\n<div class=\"cmsmasters_column_inner\"><div id=\"cmsmasters_heading_bmd28ihcb9\" class=\"cmsmasters_heading_wrap cmsmasters_heading_align_center\">\n\t<h2 class=\"cmsmasters_heading\">Educaci\u00f3n Inicial<\/h2>\n<\/div><div id=\"cmsmasters_heading_v0zp87x1bh\" class=\"cmsmasters_heading_wrap cmsmasters_heading_align_center\">\n\t<h2 class=\"cmsmasters_heading\">Pre-Maternal Maternal Pre-kinder Kinder<\/h2>\n<\/div><div class=\"cmsmasters_text\">\n<p style=\"text-align: center;\">Para nuestros m\u00e1s peque\u00f1os, trabajamos con 2 metodolog\u00edas que permiten estimular sus sentidos. La gamificaci\u00f3n y el m\u00e9todo Waldorf.<\/p>\n<p style=\"text-align: center;\">La gamificaci\u00f3n integra din\u00e1micas a trav\u00e9s de actividades l\u00fadicas en entornos de aprendizajes. Es aprende jugando.<\/p>\n<p style=\"text-align: center;\">El m\u00e9todo Waldorf promueve la ense\u00f1anza por medio de actividades manuales centradas en el arte, la m\u00fasica y la creatividad<\/p>\n<\/div>\n<\/div><\/div>\n<div id=\"cmsmasters_column_cbh8fpgx58\" class=\"cmsmasters_column one_half\">\n<div class=\"cmsmasters_column_inner\"><\/div><\/div>\n<\/div>\n<\/div>\n<\/div>\n<\/div>\n<\/div>\n<div id=\"cmsmasters_row_39i4ytbyww\" class=\"cmsmasters_row cmsmasters_color_scheme_default cmsmasters_row_top_default cmsmasters_row_bot_default cmsmasters_row_fullwidth\">\n<div class=\"cmsmasters_row_outer_parent\">\n<div class=\"cmsmasters_row_outer\">\n<div class=\"cmsmasters_row_inner cmsmasters_row_fullwidth cmsmasters_row_no_margin\">\n<div class=\"cmsmasters_row_margin cmsmasters_row_columns_behavior\">\n<div id=\"cmsmasters_column_5shzgbg0j\" class=\"cmsmasters_column one_half\">\n<div class=\"cmsmasters_column_inner\"><\/div><\/div>\n<div id=\"cmsmasters_column_60sq3p8jz\" class=\"cmsmasters_column one_half\">\n<div class=\"cmsmasters_column_inner\"><div id=\"cmsmasters_heading_cds7gg7ngy\" class=\"cmsmasters_heading_wrap cmsmasters_heading_align_center\">\n\t<h2 class=\"cmsmasters_heading\">Educaci\u00f3n Primaria<\/h2>\n<\/div><div id=\"cmsmasters_heading_oumgl9qo64\" class=\"cmsmasters_heading_wrap cmsmasters_heading_align_center\">\n\t<h2 class=\"cmsmasters_heading\"><\/h2>\n<\/div><div class=\"cmsmasters_text\">\n<p style=\"text-align: left;\">Para nuestros ni\u00f1os mas grandes, desarrollamos sus habilidades con el aprendizaje basado en resoluci\u00f3n de problemas, que inicia con hacer preguntas y adquirir conocimientos que luego, llevan a m\u00e1s preguntas de mayor dificultad.<\/p>\n<p style=\"text-align: center;\">Los principales beneficios son:<\/p>\n<ul>\n<li style=\"text-align: center;\">El desarrollo del pensamiento cr\u00edtico y habilidades creativas.<\/li>\n<li style=\"text-align: center;\">La mejora de las competencias de resoluci\u00f3n de problemas.<\/li>\n<li style=\"text-align: center;\">El aumento de la motivaci\u00f3n de nuestros ni\u00f1os.<\/li>\n<li style=\"text-align: center;\">La facilidad de transferir conocimientos a nuevas situaciones.<\/li>\n<\/ul>\n<\/div>\n<div id=\"cmsmasters_divider_fydskk5l1\" class=\"cl\"><\/div>\n<\/div><\/div>\n<\/div>\n<\/div>\n<\/div>\n<\/div>\n<\/div>\n<div id=\"cmsmasters_row_jh4l7h7huk\" class=\"cmsmasters_row cmsmasters_color_scheme_second cmsmasters_row_top_default cmsmasters_row_bot_default cmsmasters_row_boxed\">\n<div class=\"cmsmasters_row_outer_parent\">\n<div class=\"cmsmasters_row_outer\">\n<div class=\"cmsmasters_row_inner\">\n<div class=\"cmsmasters_row_margin\">\n<div id=\"cmsmasters_column_lx3efkku66\" class=\"cmsmasters_column one_first\">\n<div class=\"cmsmasters_column_inner\"><div id=\"cmsmasters_counters_vokkaor8du\" class=\"cmsmasters_counters counters_type_vertical\"><div class=\"cmsmasters_counter_wrap one_fifth\">\n<div id=\"cmsmasters_counter_7sign04x84\" class=\"cmsmasters_counter counter_has_icon\" data-percent=\"90\">\n<div class=\"cmsmasters_counter_inner cmsmasters-icon-custom-girl\">\n<span class=\"cmsmasters_counter_counter_wrap\">\n<span class=\"cmsmasters_counter_prefix\"><\/span><span class=\"cmsmasters_counter_counter\">0<\/span><span class=\"cmsmasters_counter_suffix\"><\/span>\n<\/span>\n<span class=\"cmsmasters_counter_title\">Ni\u00f1os durante el a\u00f1o<\/span>\n<\/div>\n<\/div>\n<\/div><div class=\"cmsmasters_counter_wrap one_fifth\">\n<div id=\"cmsmasters_counter_mftfhi73pi\" class=\"cmsmasters_counter counter_has_icon\" data-percent=\"16\">\n<div class=\"cmsmasters_counter_inner cmsmasters-icon-custom-heart\">\n<span class=\"cmsmasters_counter_counter_wrap\">\n<span class=\"cmsmasters_counter_prefix\"><\/span><span class=\"cmsmasters_counter_counter\">0<\/span><span class=\"cmsmasters_counter_suffix\"><\/span>\n<\/span>\n<span class=\"cmsmasters_counter_title\">Especialistas Calificadas<\/span>\n<\/div>\n<\/div>\n<\/div><div class=\"cmsmasters_counter_wrap one_fifth\">\n<div id=\"cmsmasters_counter_sczivqjxxe\" class=\"cmsmasters_counter counter_has_icon\" data-percent=\"223\">\n<div class=\"cmsmasters_counter_inner cmsmasters-icon-custom-home\">\n<span class=\"cmsmasters_counter_counter_wrap\">\n<span class=\"cmsmasters_counter_prefix\"><\/span><span class=\"cmsmasters_counter_counter\">0<\/span><span class=\"cmsmasters_counter_suffix\"><\/span>\n<\/span>\n<span class=\"cmsmasters_counter_title\">Actividades en el a\u00f1o<\/span>\n<\/div>\n<\/div>\n<\/div><div class=\"cmsmasters_counter_wrap one_fifth\">\n<div id=\"cmsmasters_counter_5o9bb1vm9p\" class=\"cmsmasters_counter counter_has_icon\" data-percent=\"3\">\n<div class=\"cmsmasters_counter_inner cmsmasters-icon-custom-bear\">\n<span class=\"cmsmasters_counter_counter_wrap\">\n<span class=\"cmsmasters_counter_prefix\"><\/span><span class=\"cmsmasters_counter_counter\">0<\/span><span class=\"cmsmasters_counter_suffix\"><\/span>\n<\/span>\n<span class=\"cmsmasters_counter_title\">Desde los 3 mesess<\/span>\n<\/div>\n<\/div>\n<\/div><\/div>\n<\/div><\/div>\n<\/div>\n<\/div>\n<\/div>\n<\/div>\n<\/div>\n<div id=\"cmsmasters_row_nu1ajzho79\" class=\"cmsmasters_row cmsmasters_color_scheme_default cmsmasters_row_top_default cmsmasters_row_bot_default cmsmasters_row_fullwidth\">\n<div class=\"cmsmasters_row_outer_parent\">\n<div class=\"cmsmasters_row_outer\">\n<div class=\"cmsmasters_row_inner cmsmasters_row_fullwidth\">\n<div class=\"cmsmasters_row_margin\">\n<div id=\"cmsmasters_column_8fv20ldm2\" class=\"cmsmasters_column one_first\">\n<div class=\"cmsmasters_column_inner\"><div id=\"cmsmasters_heading_gqwr26v6t3\" class=\"cmsmasters_heading_wrap cmsmasters_heading_align_center\">\n\t<h2 class=\"cmsmasters_heading\">S\u00edguenos en Instagram<\/h2>\n<\/div>\n<div id=\"sb_instagram\"  class=\"sbi sbi_mob_col_6 sbi_tab_col_6 sbi_col_6 sbi_width_resp\" style=\"padding-bottom: 14px;\"\t data-feedid=\"*1\"  data-res=\"auto\" data-cols=\"6\" data-colsmobile=\"6\" data-colstablet=\"6\" data-num=\"6\" data-nummobile=\"6\" data-item-padding=\"7\"\t data-shortcode-atts=\"{&quot;id&quot;:&quot;7156147042&quot;,&quot;cachetime&quot;:30}\"  data-postid=\"529\" data-locatornonce=\"98a7e8afff\" data-imageaspectratio=\"1:1\" data-sbi-flags=\"favorLocal,gdpr\">\n\t\n\t<div id=\"sbi_images\"  style=\"gap: 14px;\">\n\t\t\t<\/div>\n\n\t<div id=\"sbi_load\" >\n\n\t\n\t\t\t<span class=\"sbi_follow_btn sbi_custom\" >\n\t\t\t<a target=\"_blank\"\n\t\t\t\trel=\"nofollow noopener\"  href=\"https:\/\/www.instagram.com\/rayitodesol_gye\/\" style=\"background: rgb(64,139,209);\">\n\t\t\t\t<svg class=\"svg-inline--fa fa-instagram fa-w-14\" aria-hidden=\"true\" data-fa-processed=\"\" aria-label=\"Instagram\" data-prefix=\"fab\" data-icon=\"instagram\" role=\"img\" viewBox=\"0 0 448 512\">\n                    <path fill=\"currentColor\" d=\"M224.1 141c-63.6 0-114.9 51.3-114.9 114.9s51.3 114.9 114.9 114.9S339 319.5 339 255.9 287.7 141 224.1 141zm0 189.6c-41.1 0-74.7-33.5-74.7-74.7s33.5-74.7 74.7-74.7 74.7 33.5 74.7 74.7-33.6 74.7-74.7 74.7zm146.4-194.3c0 14.9-12 26.8-26.8 26.8-14.9 0-26.8-12-26.8-26.8s12-26.8 26.8-26.8 26.8 12 26.8 26.8zm76.1 27.2c-1.7-35.9-9.9-67.7-36.2-93.9-26.2-26.2-58-34.4-93.9-36.2-37-2.1-147.9-2.1-184.9 0-35.8 1.7-67.6 9.9-93.9 36.1s-34.4 58-36.2 93.9c-2.1 37-2.1 147.9 0 184.9 1.7 35.9 9.9 67.7 36.2 93.9s58 34.4 93.9 36.2c37 2.1 147.9 2.1 184.9 0 35.9-1.7 67.7-9.9 93.9-36.2 26.2-26.2 34.4-58 36.2-93.9 2.1-37 2.1-147.8 0-184.8zM398.8 388c-7.8 19.6-22.9 34.7-42.6 42.6-29.5 11.7-99.5 9-132.1 9s-102.7 2.6-132.1-9c-19.6-7.8-34.7-22.9-42.6-42.6-11.7-29.5-9-99.5-9-132.1s-2.6-102.7 9-132.1c7.8-19.6 22.9-34.7 42.6-42.6 29.5-11.7 99.5-9 132.1-9s102.7-2.6 132.1 9c19.6 7.8 34.7 22.9 42.6 42.6 11.7 29.5 9 99.5 9 132.1s2.7 102.7-9 132.1z\"><\/path>\n                <\/svg>\t\t\t\t<span>S\u00edguenos en Instagram<\/span>\n\t\t\t<\/a>\n\t\t<\/span>\n\t\n<\/div>\n\t\t<span class=\"sbi_resized_image_data\" data-feed-id=\"*1\"\n\t\t  data-resized=\"[]\">\n\t<\/span>\n\t<\/div>\n<\/div><\/div>\n<\/div>\n<\/div>\n<\/div>\n<\/div>\n<\/div>\n\n","protected":false},"excerpt":{"rendered":"","protected":false},"author":3,"featured_media":0,"parent":0,"menu_order":0,"comment_status":"closed","ping_status":"closed","template":"","meta":{"om_disable_all_campaigns":false,"_monsterinsights_skip_tracking":false,"_monsterinsights_sitenote_active":false,"_monsterinsights_sitenote_note":"","_monsterinsights_sitenote_category":0,"footnotes":""},"class_list":["post-529","page","type-page","status-publish","hentry"],"yoast_head":"<!-- This site is optimized with the Yoast SEO plugin v27.4 - https:\/\/yoast.com\/product\/yoast-seo-wordpress\/ -->\n<title>Nosotros - Rayito de Sol<\/title>\n<meta name=\"robots\" content=\"index, follow, max-snippet:-1, max-image-preview:large, max-video-preview:-1\" \/>\n<link rel=\"canonical\" href=\"https:\/\/rayitodesol.edu.ec\/index.php\/acerca\/\" \/>\n<meta property=\"og:locale\" content=\"es_ES\" \/>\n<meta property=\"og:type\" content=\"article\" \/>\n<meta property=\"og:title\" content=\"Nosotros - Rayito de Sol\" \/>\n<meta property=\"og:url\" content=\"https:\/\/rayitodesol.edu.ec\/index.php\/acerca\/\" \/>\n<meta property=\"og:site_name\" content=\"Rayito de Sol\" \/>\n<meta property=\"article:modified_time\" content=\"2022-06-14T17:20:49+00:00\" \/>\n<meta name=\"twitter:card\" content=\"summary_large_image\" \/>\n<meta name=\"twitter:label1\" content=\"Tiempo de lectura\" \/>\n\t<meta name=\"twitter:data1\" content=\"4 minutos\" \/>\n<script type=\"application\/ld+json\" class=\"yoast-schema-graph\">{\"@context\":\"https:\\\/\\\/schema.org\",\"@graph\":[{\"@type\":\"WebPage\",\"@id\":\"https:\\\/\\\/rayitodesol.edu.ec\\\/index.php\\\/acerca\\\/\",\"url\":\"https:\\\/\\\/rayitodesol.edu.ec\\\/index.php\\\/acerca\\\/\",\"name\":\"Nosotros - Rayito de Sol\",\"isPartOf\":{\"@id\":\"https:\\\/\\\/rayitodesol.edu.ec\\\/#website\"},\"datePublished\":\"2015-04-20T11:50:56+00:00\",\"dateModified\":\"2022-06-14T17:20:49+00:00\",\"breadcrumb\":{\"@id\":\"https:\\\/\\\/rayitodesol.edu.ec\\\/index.php\\\/acerca\\\/#breadcrumb\"},\"inLanguage\":\"es\",\"potentialAction\":[{\"@type\":\"ReadAction\",\"target\":[\"https:\\\/\\\/rayitodesol.edu.ec\\\/index.php\\\/acerca\\\/\"]}]},{\"@type\":\"BreadcrumbList\",\"@id\":\"https:\\\/\\\/rayitodesol.edu.ec\\\/index.php\\\/acerca\\\/#breadcrumb\",\"itemListElement\":[{\"@type\":\"ListItem\",\"position\":1,\"name\":\"Home\",\"item\":\"https:\\\/\\\/rayitodesol.edu.ec\\\/\"},{\"@type\":\"ListItem\",\"position\":2,\"name\":\"Nosotros\"}]},{\"@type\":\"WebSite\",\"@id\":\"https:\\\/\\\/rayitodesol.edu.ec\\\/#website\",\"url\":\"https:\\\/\\\/rayitodesol.edu.ec\\\/\",\"name\":\"Rayito de Sol\",\"description\":\"Jard\u00edn - Escuela Particular y Cuidado Diario\",\"potentialAction\":[{\"@type\":\"SearchAction\",\"target\":{\"@type\":\"EntryPoint\",\"urlTemplate\":\"https:\\\/\\\/rayitodesol.edu.ec\\\/?s={search_term_string}\"},\"query-input\":{\"@type\":\"PropertyValueSpecification\",\"valueRequired\":true,\"valueName\":\"search_term_string\"}}],\"inLanguage\":\"es\"}]}<\/script>\n<!-- \/ Yoast SEO plugin. -->","yoast_head_json":{"title":"Nosotros - Rayito de Sol","robots":{"index":"index","follow":"follow","max-snippet":"max-snippet:-1","max-image-preview":"max-image-preview:large","max-video-preview":"max-video-preview:-1"},"canonical":"https:\/\/rayitodesol.edu.ec\/index.php\/acerca\/","og_locale":"es_ES","og_type":"article","og_title":"Nosotros - Rayito de Sol","og_url":"https:\/\/rayitodesol.edu.ec\/index.php\/acerca\/","og_site_name":"Rayito de Sol","article_modified_time":"2022-06-14T17:20:49+00:00","twitter_card":"summary_large_image","twitter_misc":{"Tiempo de lectura":"4 minutos"},"schema":{"@context":"https:\/\/schema.org","@graph":[{"@type":"WebPage","@id":"https:\/\/rayitodesol.edu.ec\/index.php\/acerca\/","url":"https:\/\/rayitodesol.edu.ec\/index.php\/acerca\/","name":"Nosotros - Rayito de Sol","isPartOf":{"@id":"https:\/\/rayitodesol.edu.ec\/#website"},"datePublished":"2015-04-20T11:50:56+00:00","dateModified":"2022-06-14T17:20:49+00:00","breadcrumb":{"@id":"https:\/\/rayitodesol.edu.ec\/index.php\/acerca\/#breadcrumb"},"inLanguage":"es","potentialAction":[{"@type":"ReadAction","target":["https:\/\/rayitodesol.edu.ec\/index.php\/acerca\/"]}]},{"@type":"BreadcrumbList","@id":"https:\/\/rayitodesol.edu.ec\/index.php\/acerca\/#breadcrumb","itemListElement":[{"@type":"ListItem","position":1,"name":"Home","item":"https:\/\/rayitodesol.edu.ec\/"},{"@type":"ListItem","position":2,"name":"Nosotros"}]},{"@type":"WebSite","@id":"https:\/\/rayitodesol.edu.ec\/#website","url":"https:\/\/rayitodesol.edu.ec\/","name":"Rayito de Sol","description":"Jard\u00edn - Escuela Particular y Cuidado Diario","potentialAction":[{"@type":"SearchAction","target":{"@type":"EntryPoint","urlTemplate":"https:\/\/rayitodesol.edu.ec\/?s={search_term_string}"},"query-input":{"@type":"PropertyValueSpecification","valueRequired":true,"valueName":"search_term_string"}}],"inLanguage":"es"}]}},"jetpack_sharing_enabled":true,"_links":{"self":[{"href":"https:\/\/rayitodesol.edu.ec\/index.php\/wp-json\/wp\/v2\/pages\/529","targetHints":{"allow":["GET"]}}],"collection":[{"href":"https:\/\/rayitodesol.edu.ec\/index.php\/wp-json\/wp\/v2\/pages"}],"about":[{"href":"https:\/\/rayitodesol.edu.ec\/index.php\/wp-json\/wp\/v2\/types\/page"}],"author":[{"embeddable":true,"href":"https:\/\/rayitodesol.edu.ec\/index.php\/wp-json\/wp\/v2\/users\/3"}],"replies":[{"embeddable":true,"href":"https:\/\/rayitodesol.edu.ec\/index.php\/wp-json\/wp\/v2\/comments?post=529"}],"version-history":[{"count":20,"href":"https:\/\/rayitodesol.edu.ec\/index.php\/wp-json\/wp\/v2\/pages\/529\/revisions"}],"predecessor-version":[{"id":14756,"href":"https:\/\/rayitodesol.edu.ec\/index.php\/wp-json\/wp\/v2\/pages\/529\/revisions\/14756"}],"wp:attachment":[{"href":"https:\/\/rayitodesol.edu.ec\/index.php\/wp-json\/wp\/v2\/media?parent=529"}],"curies":[{"name":"wp","href":"https:\/\/api.w.org\/{rel}","templated":true}]}}